{"id":5681,"date":"2025-06-01T18:02:11","date_gmt":"2025-06-01T15:02:11","guid":{"rendered":"https:\/\/test.sahaney.com\/?page_id=5681"},"modified":"2025-07-18T20:02:44","modified_gmt":"2025-07-18T17:02:44","slug":"ney-cesitleri","status":"publish","type":"page","link":"https:\/\/www.sahaney.com\/en\/ney-cesitleri\/","title":{"rendered":"Types of Neys"},"content":{"rendered":"\t\t<div data-elementor-type=\"wp-post\" data-elementor-id=\"5681\" class=\"elementor elementor-5681\">\n\t\t\t\t<div class=\"elementor-element elementor-element-d6187a0 e-flex e-con-boxed e-con e-parent\" data-id=\"d6187a0\" data-element_type=\"container\" data-e-type=\"container\" data-settings=\"{&quot;background_background&quot;:&quot;classic&quot;}\">\n\t\t\t\t\t<div class=\"e-con-inner\">\n\t\t<div class=\"elementor-element elementor-element-53b62fa e-con-full e-flex e-con e-child\" data-id=\"53b62fa\" data-element_type=\"container\" data-e-type=\"container\">\n\t\t\t\t<div class=\"elementor-element elementor-element-94e3402 elementor-widget elementor-widget-heading\" data-id=\"94e3402\" data-element_type=\"widget\" data-e-type=\"widget\" data-widget_type=\"heading.default\">\n\t\t\t\t\t<h1 class=\"elementor-heading-title elementor-size-default\">Ney \u00c7e\u015fitleri<\/h1>\t\t\t\t<\/div>\n\t\t\t\t<\/div>\n\t\t\t\t\t<\/div>\n\t\t\t\t<\/div>\n\t\t<div class=\"elementor-element elementor-element-4a1e836 e-flex e-con-boxed e-con e-parent\" data-id=\"4a1e836\" data-element_type=\"container\" data-e-type=\"container\">\n\t\t\t\t\t<div class=\"e-con-inner\">\n\t\t<div class=\"elementor-element elementor-element-f0219ee e-con-full e-flex e-con e-child\" data-id=\"f0219ee\" data-element_type=\"container\" data-e-type=\"container\">\n\t\t\t\t<div class=\"elementor-element elementor-element-14a4d1e3 elementor-widget elementor-widget-text-editor\" data-id=\"14a4d1e3\" data-element_type=\"widget\" data-e-type=\"widget\" data-widget_type=\"text-editor.default\">\n\t\t\t\t\t\t\t\t\t<p>\u00a0<\/p><p>Her bir bireyin sesi birbirinden farkl\u0131d\u0131r. Dolay\u0131s\u0131yla bir eseri icra eden her ses sanat\u00e7\u0131s\u0131 birbirinden farkl\u0131 tonlarda [baz\u0131 solistler i\u00e7in fazla tiz (ince), baz\u0131 solistler i\u00e7in ise fazla pest (kal\u0131n)] eseri icra edecektir. Bu sebeple eser icra edilirken, sazendeler eseri ses sanat\u00e7\u0131s\u0131n\u0131n sesine uygun tonda icra ederler.<\/p>\t\t\t\t\t\t\t\t<\/div>\n\t\t\t\t<\/div>\n\t\t<div class=\"elementor-element elementor-element-55f38fd e-con-full e-flex e-con e-child\" data-id=\"55f38fd\" data-element_type=\"container\" data-e-type=\"container\">\n\t\t\t\t<div class=\"elementor-element elementor-element-752c995d elementor-widget elementor-widget-image\" data-id=\"752c995d\" data-element_type=\"widget\" data-e-type=\"widget\" data-widget_type=\"image.default\">\n\t\t\t\t\t\t\t\t\t\t\t\t<figure class=\"wp-caption\">\n\t\t\t\t\t\t\t\t\t\t\t<a href=\"https:\/\/test.sahaney.com\/wp-content\/uploads\/ney-cesitleri.webp\" data-elementor-open-lightbox=\"yes\" data-elementor-lightbox-title=\"ney-cesitleri\" data-e-action-hash=\"#elementor-action%3Aaction%3Dlightbox%26settings%3DeyJpZCI6NTg0OCwidXJsIjoiaHR0cHM6XC9cL3d3dy5zYWhhbmV5LmNvbVwvd3AtY29udGVudFwvdXBsb2Fkc1wvbmV5LWNlc2l0bGVyaS53ZWJwIn0%3D\">\n\t\t\t\t\t\t\t<img fetchpriority=\"high\" decoding=\"async\" width=\"512\" height=\"384\" src=\"https:\/\/www.sahaney.com\/wp-content\/uploads\/ney-cesitleri.webp\" class=\"attachment-full size-full wp-image-5848\" alt=\"\" srcset=\"https:\/\/www.sahaney.com\/wp-content\/uploads\/ney-cesitleri.webp 512w, https:\/\/www.sahaney.com\/wp-content\/uploads\/ney-cesitleri-300x225.webp 300w\" sizes=\"(max-width: 512px) 100vw, 512px\" \/>\t\t\t\t\t\t\t\t<\/a>\n\t\t\t\t\t\t\t\t\t\t\t<figcaption class=\"widget-image-caption wp-caption-text\"><\/figcaption>\n\t\t\t\t\t\t\t\t\t\t<\/figure>\n\t\t\t\t\t\t\t\t\t<\/div>\n\t\t\t\t<\/div>\n\t\t\t\t\t<\/div>\n\t\t\t\t<\/div>\n\t\t<div class=\"elementor-element elementor-element-7dd5174d e-flex e-con-boxed e-con e-parent\" data-id=\"7dd5174d\" data-element_type=\"container\" data-e-type=\"container\">\n\t\t\t\t\t<div class=\"e-con-inner\">\n\t\t\t\t<div class=\"elementor-element elementor-element-0132186 elementor-widget elementor-widget-text-editor\" data-id=\"0132186\" data-element_type=\"widget\" data-e-type=\"widget\" data-widget_type=\"text-editor.default\">\n\t\t\t\t\t\t\t\t\t<p>Bir\u00e7ok enst\u00fcrmanda farkl\u0131 y\u00f6ntemler uygulanmak suretiyle akort de\u011fi\u015ftirilerek eseri farkl\u0131 tonlarda icra etmek m\u00fcmk\u00fcnken, akordu yap\u0131m a\u015famas\u0131nda tamamlanan sabit akortlu (ney ve benzeri) ent\u00fcrmanlarda ise bu m\u00fcmk\u00fcn de\u011fildir. Ney gibi sabit akortlu enstr\u00fcmanlar yap\u0131m a\u015famas\u0131nda farkl\u0131 akordlarla imal edilerek bu problem ortadan kald\u0131r\u0131lmaya \u00e7al\u0131\u015f\u0131lm\u0131\u015f; farkl\u0131 boy ve kararda neyler bu \u015fekilde ortaya \u00e7\u0131km\u0131\u015ft\u0131r.<\/p><p>Ney t\u00fcrlerini, yani asl\u0131nda <strong>ney \u00e7e\u015fitleri nelerdir?<\/strong>\u00a0sorusunun cevab\u0131n\u0131 \u201c<strong>Ana \u00e2henk<\/strong>\u201d ve \u201c<strong>Ara \u00e2henk<\/strong>\u201d olarak iki grupta incelemek m\u00fcmk\u00fcnd\u00fcr.<\/p>\t\t\t\t\t\t\t\t<\/div>\n\t\t\t\t\t<\/div>\n\t\t\t\t<\/div>\n\t\t<div class=\"elementor-element elementor-element-9587858 e-flex e-con-boxed e-con e-parent\" data-id=\"9587858\" data-element_type=\"container\" data-e-type=\"container\">\n\t\t\t\t\t<div class=\"e-con-inner\">\n\t\t<div class=\"elementor-element elementor-element-627dd31 e-con-full e-flex e-con e-child\" data-id=\"627dd31\" data-element_type=\"container\" data-e-type=\"container\">\n\t\t\t\t<\/div>\n\t\t<div class=\"elementor-element elementor-element-af73fab e-con-full e-flex e-con e-child\" data-id=\"af73fab\" data-element_type=\"container\" data-e-type=\"container\">\n\t\t\t\t<div class=\"elementor-element elementor-element-6e8a7b60 elementor-widget elementor-widget-shortcode\" data-id=\"6e8a7b60\" data-element_type=\"widget\" data-e-type=\"widget\" data-widget_type=\"shortcode.default\">\n\t\t\t\t\t\t\t<div class=\"elementor-shortcode\"><div id=\"footable_parent_5843\"\n         class=\" footable_parent ninja_table_wrapper loading_ninja_table wp_table_data_press_parent bootstrap3 \">\n                        <div\n                class=\"table_description footable_description\"><\/div>\n                    <table data-ninja_table_instance=\"ninja_table_instance_0\" data-footable_id=\"5843\" data-filter-delay=\"1000\"            id=\"footable_5843\"\n           data-unique_identifier=\"ninja_table_unique_id_1916377559_5843\"\n           class=\" foo-table ninja_footable foo_table_5843 ninja_table_unique_id_1916377559_5843 table  ninja_search_right nt_type_ajax_table vertical_centered  footable-paging-right ninja_table_search_disabled\">\n                    <caption>T\u00fcrk Musikisi karar perdeleri, piyano sesleri baz al\u0131narak yaz\u0131lm\u0131\u015ft\u0131r...<\/caption>\n                <colgroup>\n                            <col class=\"ninja_column_0 \">\n                            <col class=\"ninja_column_1 \">\n                            <col class=\"ninja_column_2 \">\n                            <col class=\"ninja_column_3 \">\n                            <col class=\"ninja_column_4 \">\n                    <\/colgroup>\n            <\/table>\n    \n    \n    \n<\/div>\n<\/div>\n\t\t\t\t\t\t<\/div>\n\t\t\t\t<\/div>\n\t\t<div class=\"elementor-element elementor-element-d6c23e3 e-con-full e-flex e-con e-child\" data-id=\"d6c23e3\" data-element_type=\"container\" data-e-type=\"container\">\n\t\t\t\t<\/div>\n\t\t\t\t\t<\/div>\n\t\t\t\t<\/div>\n\t\t\t\t<\/div>\n\t\t","protected":false},"excerpt":{"rendered":"<p>Ney \u00c7e\u015fitleri \u00a0 Her bir bireyin sesi birbirinden farkl\u0131d\u0131r. Dolay\u0131s\u0131yla bir eseri icra eden her ses sanat\u00e7\u0131s\u0131 birbirinden farkl\u0131 tonlarda [&hellip;]<\/p>\n","protected":false},"author":1,"featured_media":0,"parent":0,"menu_order":0,"comment_status":"closed","ping_status":"closed","template":"","meta":{"site-sidebar-layout":"no-sidebar","site-content-layout":"page-builder","ast-site-content-layout":"full-width-container","site-content-style":"unboxed","site-sidebar-style":"unboxed","ast-global-header-display":"","ast-banner-title-visibility":"","ast-main-header-display":"","ast-hfb-above-header-display":"","ast-hfb-below-header-display":"","ast-hfb-mobile-header-display":"","site-post-title":"disabled","ast-breadcrumbs-content":"","ast-featured-img":"disabled","footer-sml-layout":"","ast-disable-related-posts":"","theme-transparent-header-meta":"enabled","adv-header-id-meta":"","stick-header-meta":"","header-above-stick-meta":"","header-main-stick-meta":"","header-below-stick-meta":"","astra-migrate-meta-layouts":"set","ast-page-background-enabled":"default","ast-page-background-meta":{"desktop":{"background-color":"","background-image":"","background-repeat":"repeat","background-position":"center center","background-size":"auto","background-attachment":"scroll","background-type":"","background-media":"","overlay-type":"","overlay-color":"","overlay-opacity":"","overlay-gradient":""},"tablet":{"background-color":"","background-image":"","background-repeat":"repeat","background-position":"center center","background-size":"auto","background-attachment":"scroll","background-type":"","background-media":"","overlay-type":"","overlay-color":"","overlay-opacity":"","overlay-gradient":""},"mobile":{"background-color":"","background-image":"","background-repeat":"repeat","background-position":"center center","background-size":"auto","background-attachment":"scroll","background-type":"","background-media":"","overlay-type":"","overlay-color":"","overlay-opacity":"","overlay-gradient":""}},"ast-content-background-meta":{"desktop":{"background-color":"var(--ast-global-color-5)","background-image":"","background-repeat":"repeat","background-position":"center center","background-size":"auto","background-attachment":"scroll","background-type":"","background-media":"","overlay-type":"","overlay-color":"","overlay-opacity":"","overlay-gradient":""},"tablet":{"background-color":"var(--ast-global-color-5)","background-image":"","background-repeat":"repeat","background-position":"center center","background-size":"auto","background-attachment":"scroll","background-type":"","background-media":"","overlay-type":"","overlay-color":"","overlay-opacity":"","overlay-gradient":""},"mobile":{"background-color":"var(--ast-global-color-5)","background-image":"","background-repeat":"repeat","background-position":"center center","background-size":"auto","background-attachment":"scroll","background-type":"","background-media":"","overlay-type":"","overlay-color":"","overlay-opacity":"","overlay-gradient":""}},"footnotes":""},"class_list":["post-5681","page","type-page","status-publish","hentry"],"yoast_head":"<!-- This site is optimized with the Yoast SEO plugin v27.4 - https:\/\/yoast.com\/product\/yoast-seo-wordpress\/ -->\n<title>Ney \u00c7e\u015fitleri | Ana ve Ara \u00c2henk Sistemleriyle Ney T\u00fcrleri \u2013 \u015eahaNey<\/title>\n<meta name=\"description\" content=\"Ney \u00e7e\u015fitleri nelerdir? Ana ve ara \u00e2henk sistemlerine g\u00f6re ney t\u00fcrlerini, boylar\u0131n\u0131 ve ses karakterlerini bu sayfada ke\u015ffedin.\" \/>\n<meta name=\"robots\" content=\"index, follow, max-snippet:-1, max-image-preview:large, max-video-preview:-1\" \/>\n<link rel=\"canonical\" href=\"https:\/\/www.sahaney.com\/en\/ney-cesitleri\/\" \/>\n<meta property=\"og:locale\" content=\"en_US\" \/>\n<meta property=\"og:type\" content=\"article\" \/>\n<meta property=\"og:title\" content=\"Ney \u00c7e\u015fitleri | Ana ve Ara \u00c2henk Sistemleriyle Ney T\u00fcrleri \u2013 \u015eahaNey\" \/>\n<meta property=\"og:description\" content=\"Ney \u00e7e\u015fitleri nelerdir? Ana ve ara \u00e2henk sistemlerine g\u00f6re ney t\u00fcrlerini, boylar\u0131n\u0131 ve ses karakterlerini bu sayfada ke\u015ffedin.\" \/>\n<meta property=\"og:url\" content=\"https:\/\/www.sahaney.com\/en\/ney-cesitleri\/\" \/>\n<meta property=\"og:site_name\" content=\"\u015eahaNey Ney \u0130malat ve Sat\u0131\u015f\" \/>\n<meta property=\"article:modified_time\" content=\"2025-07-18T17:02:44+00:00\" \/>\n<meta property=\"og:image\" content=\"https:\/\/test.sahaney.com\/wp-content\/uploads\/ney-cesitleri.webp\" \/>\n<meta name=\"twitter:label1\" content=\"Est. reading time\" \/>\n\t<meta name=\"twitter:data1\" content=\"1 minute\" \/>\n<script type=\"application\/ld+json\" class=\"yoast-schema-graph\">{\"@context\":\"https:\\\/\\\/schema.org\",\"@graph\":[{\"@type\":\"Article\",\"@id\":\"https:\\\/\\\/www.sahaney.com\\\/ney-cesitleri\\\/#article\",\"isPartOf\":{\"@id\":\"https:\\\/\\\/www.sahaney.com\\\/ney-cesitleri\\\/\"},\"author\":{\"name\":\"\u015eahaNey\",\"@id\":\"https:\\\/\\\/www.sahaney.com\\\/#\\\/schema\\\/person\\\/568cbadb061e141f9a2081a6ab9e3d81\"},\"headline\":\"Ney \u00c7e\u015fitleri\",\"datePublished\":\"2025-06-01T15:02:11+00:00\",\"dateModified\":\"2025-07-18T17:02:44+00:00\",\"mainEntityOfPage\":{\"@id\":\"https:\\\/\\\/www.sahaney.com\\\/ney-cesitleri\\\/\"},\"wordCount\":169,\"publisher\":{\"@id\":\"https:\\\/\\\/www.sahaney.com\\\/#organization\"},\"image\":{\"@id\":\"https:\\\/\\\/www.sahaney.com\\\/ney-cesitleri\\\/#primaryimage\"},\"thumbnailUrl\":\"https:\\\/\\\/test.sahaney.com\\\/wp-content\\\/uploads\\\/ney-cesitleri.webp\",\"inLanguage\":\"en-US\"},{\"@type\":\"WebPage\",\"@id\":\"https:\\\/\\\/www.sahaney.com\\\/ney-cesitleri\\\/\",\"url\":\"https:\\\/\\\/www.sahaney.com\\\/ney-cesitleri\\\/\",\"name\":\"Ney \u00c7e\u015fitleri | Ana ve Ara \u00c2henk Sistemleriyle Ney T\u00fcrleri \u2013 \u015eahaNey\",\"isPartOf\":{\"@id\":\"https:\\\/\\\/www.sahaney.com\\\/#website\"},\"primaryImageOfPage\":{\"@id\":\"https:\\\/\\\/www.sahaney.com\\\/ney-cesitleri\\\/#primaryimage\"},\"image\":{\"@id\":\"https:\\\/\\\/www.sahaney.com\\\/ney-cesitleri\\\/#primaryimage\"},\"thumbnailUrl\":\"https:\\\/\\\/test.sahaney.com\\\/wp-content\\\/uploads\\\/ney-cesitleri.webp\",\"datePublished\":\"2025-06-01T15:02:11+00:00\",\"dateModified\":\"2025-07-18T17:02:44+00:00\",\"description\":\"Ney \u00e7e\u015fitleri nelerdir? Ana ve ara \u00e2henk sistemlerine g\u00f6re ney t\u00fcrlerini, boylar\u0131n\u0131 ve ses karakterlerini bu sayfada ke\u015ffedin.\",\"breadcrumb\":{\"@id\":\"https:\\\/\\\/www.sahaney.com\\\/ney-cesitleri\\\/#breadcrumb\"},\"inLanguage\":\"en-US\",\"potentialAction\":[{\"@type\":\"ReadAction\",\"target\":[\"https:\\\/\\\/www.sahaney.com\\\/ney-cesitleri\\\/\"]}]},{\"@type\":\"ImageObject\",\"inLanguage\":\"en-US\",\"@id\":\"https:\\\/\\\/www.sahaney.com\\\/ney-cesitleri\\\/#primaryimage\",\"url\":\"https:\\\/\\\/test.sahaney.com\\\/wp-content\\\/uploads\\\/ney-cesitleri.webp\",\"contentUrl\":\"https:\\\/\\\/test.sahaney.com\\\/wp-content\\\/uploads\\\/ney-cesitleri.webp\"},{\"@type\":\"BreadcrumbList\",\"@id\":\"https:\\\/\\\/www.sahaney.com\\\/ney-cesitleri\\\/#breadcrumb\",\"itemListElement\":[{\"@type\":\"ListItem\",\"position\":1,\"name\":\"Anasayfa\",\"item\":\"https:\\\/\\\/www.sahaney.com\\\/\"},{\"@type\":\"ListItem\",\"position\":2,\"name\":\"Ney \u00c7e\u015fitleri\"}]},{\"@type\":\"WebSite\",\"@id\":\"https:\\\/\\\/www.sahaney.com\\\/#website\",\"url\":\"https:\\\/\\\/www.sahaney.com\\\/\",\"name\":\"\u015eahaNey! Ney \u00dczerine Her\u015fey\",\"description\":\"Ney \u00dczerine T\u00fcrkiye&#039;nin \u0130lk Web Ma\u011fazas\u0131\",\"publisher\":{\"@id\":\"https:\\\/\\\/www.sahaney.com\\\/#organization\"},\"potentialAction\":[{\"@type\":\"SearchAction\",\"target\":{\"@type\":\"EntryPoint\",\"urlTemplate\":\"https:\\\/\\\/www.sahaney.com\\\/?s={search_term_string}\"},\"query-input\":{\"@type\":\"PropertyValueSpecification\",\"valueRequired\":true,\"valueName\":\"search_term_string\"}}],\"inLanguage\":\"en-US\"},{\"@type\":\"Organization\",\"@id\":\"https:\\\/\\\/www.sahaney.com\\\/#organization\",\"name\":\"\u015eahaNey Ney \u0130malat ve Sat\u0131\u015f\",\"url\":\"https:\\\/\\\/www.sahaney.com\\\/\",\"logo\":{\"@type\":\"ImageObject\",\"inLanguage\":\"en-US\",\"@id\":\"https:\\\/\\\/www.sahaney.com\\\/#\\\/schema\\\/logo\\\/image\\\/\",\"url\":\"https:\\\/\\\/www.sahaney.com\\\/wp-content\\\/uploads\\\/sahaney-logo.png\",\"contentUrl\":\"https:\\\/\\\/www.sahaney.com\\\/wp-content\\\/uploads\\\/sahaney-logo.png\",\"width\":591,\"height\":148,\"caption\":\"\u015eahaNey Ney \u0130malat ve Sat\u0131\u015f\"},\"image\":{\"@id\":\"https:\\\/\\\/www.sahaney.com\\\/#\\\/schema\\\/logo\\\/image\\\/\"}},{\"@type\":\"Person\",\"@id\":\"https:\\\/\\\/www.sahaney.com\\\/#\\\/schema\\\/person\\\/568cbadb061e141f9a2081a6ab9e3d81\",\"name\":\"\u015eahaNey\",\"sameAs\":[\"https:\\\/\\\/www.sahaney.com\"]}]}<\/script>\n<!-- \/ Yoast SEO plugin. -->","yoast_head_json":{"title":"Ney \u00c7e\u015fitleri | Ana ve Ara \u00c2henk Sistemleriyle Ney T\u00fcrleri \u2013 \u015eahaNey","description":"Ney \u00e7e\u015fitleri nelerdir? Ana ve ara \u00e2henk sistemlerine g\u00f6re ney t\u00fcrlerini, boylar\u0131n\u0131 ve ses karakterlerini bu sayfada ke\u015ffedin.","robots":{"index":"index","follow":"follow","max-snippet":"max-snippet:-1","max-image-preview":"max-image-preview:large","max-video-preview":"max-video-preview:-1"},"canonical":"https:\/\/www.sahaney.com\/en\/ney-cesitleri\/","og_locale":"en_US","og_type":"article","og_title":"Ney \u00c7e\u015fitleri | Ana ve Ara \u00c2henk Sistemleriyle Ney T\u00fcrleri \u2013 \u015eahaNey","og_description":"Ney \u00e7e\u015fitleri nelerdir? Ana ve ara \u00e2henk sistemlerine g\u00f6re ney t\u00fcrlerini, boylar\u0131n\u0131 ve ses karakterlerini bu sayfada ke\u015ffedin.","og_url":"https:\/\/www.sahaney.com\/en\/ney-cesitleri\/","og_site_name":"\u015eahaNey Ney \u0130malat ve Sat\u0131\u015f","article_modified_time":"2025-07-18T17:02:44+00:00","og_image":[{"url":"https:\/\/test.sahaney.com\/wp-content\/uploads\/ney-cesitleri.webp","type":"","width":"","height":""}],"twitter_misc":{"Est. reading time":"1 minute"},"schema":{"@context":"https:\/\/schema.org","@graph":[{"@type":"Article","@id":"https:\/\/www.sahaney.com\/ney-cesitleri\/#article","isPartOf":{"@id":"https:\/\/www.sahaney.com\/ney-cesitleri\/"},"author":{"name":"\u015eahaNey","@id":"https:\/\/www.sahaney.com\/#\/schema\/person\/568cbadb061e141f9a2081a6ab9e3d81"},"headline":"Ney \u00c7e\u015fitleri","datePublished":"2025-06-01T15:02:11+00:00","dateModified":"2025-07-18T17:02:44+00:00","mainEntityOfPage":{"@id":"https:\/\/www.sahaney.com\/ney-cesitleri\/"},"wordCount":169,"publisher":{"@id":"https:\/\/www.sahaney.com\/#organization"},"image":{"@id":"https:\/\/www.sahaney.com\/ney-cesitleri\/#primaryimage"},"thumbnailUrl":"https:\/\/test.sahaney.com\/wp-content\/uploads\/ney-cesitleri.webp","inLanguage":"en-US"},{"@type":"WebPage","@id":"https:\/\/www.sahaney.com\/ney-cesitleri\/","url":"https:\/\/www.sahaney.com\/ney-cesitleri\/","name":"Ney \u00c7e\u015fitleri | Ana ve Ara \u00c2henk Sistemleriyle Ney T\u00fcrleri \u2013 \u015eahaNey","isPartOf":{"@id":"https:\/\/www.sahaney.com\/#website"},"primaryImageOfPage":{"@id":"https:\/\/www.sahaney.com\/ney-cesitleri\/#primaryimage"},"image":{"@id":"https:\/\/www.sahaney.com\/ney-cesitleri\/#primaryimage"},"thumbnailUrl":"https:\/\/test.sahaney.com\/wp-content\/uploads\/ney-cesitleri.webp","datePublished":"2025-06-01T15:02:11+00:00","dateModified":"2025-07-18T17:02:44+00:00","description":"Ney \u00e7e\u015fitleri nelerdir? Ana ve ara \u00e2henk sistemlerine g\u00f6re ney t\u00fcrlerini, boylar\u0131n\u0131 ve ses karakterlerini bu sayfada ke\u015ffedin.","breadcrumb":{"@id":"https:\/\/www.sahaney.com\/ney-cesitleri\/#breadcrumb"},"inLanguage":"en-US","potentialAction":[{"@type":"ReadAction","target":["https:\/\/www.sahaney.com\/ney-cesitleri\/"]}]},{"@type":"ImageObject","inLanguage":"en-US","@id":"https:\/\/www.sahaney.com\/ney-cesitleri\/#primaryimage","url":"https:\/\/test.sahaney.com\/wp-content\/uploads\/ney-cesitleri.webp","contentUrl":"https:\/\/test.sahaney.com\/wp-content\/uploads\/ney-cesitleri.webp"},{"@type":"BreadcrumbList","@id":"https:\/\/www.sahaney.com\/ney-cesitleri\/#breadcrumb","itemListElement":[{"@type":"ListItem","position":1,"name":"Anasayfa","item":"https:\/\/www.sahaney.com\/"},{"@type":"ListItem","position":2,"name":"Ney \u00c7e\u015fitleri"}]},{"@type":"WebSite","@id":"https:\/\/www.sahaney.com\/#website","url":"https:\/\/www.sahaney.com\/","name":"\u015eahaNey! Ney \u00dczerine Her\u015fey","description":"Ney \u00dczerine T\u00fcrkiye&#039;nin \u0130lk Web Ma\u011fazas\u0131","publisher":{"@id":"https:\/\/www.sahaney.com\/#organization"},"potentialAction":[{"@type":"SearchAction","target":{"@type":"EntryPoint","urlTemplate":"https:\/\/www.sahaney.com\/?s={search_term_string}"},"query-input":{"@type":"PropertyValueSpecification","valueRequired":true,"valueName":"search_term_string"}}],"inLanguage":"en-US"},{"@type":"Organization","@id":"https:\/\/www.sahaney.com\/#organization","name":"\u015eahaNey Ney \u0130malat ve Sat\u0131\u015f","url":"https:\/\/www.sahaney.com\/","logo":{"@type":"ImageObject","inLanguage":"en-US","@id":"https:\/\/www.sahaney.com\/#\/schema\/logo\/image\/","url":"https:\/\/www.sahaney.com\/wp-content\/uploads\/sahaney-logo.png","contentUrl":"https:\/\/www.sahaney.com\/wp-content\/uploads\/sahaney-logo.png","width":591,"height":148,"caption":"\u015eahaNey Ney \u0130malat ve Sat\u0131\u015f"},"image":{"@id":"https:\/\/www.sahaney.com\/#\/schema\/logo\/image\/"}},{"@type":"Person","@id":"https:\/\/www.sahaney.com\/#\/schema\/person\/568cbadb061e141f9a2081a6ab9e3d81","name":"\u015eahaNey","sameAs":["https:\/\/www.sahaney.com"]}]}},"_links":{"self":[{"href":"https:\/\/www.sahaney.com\/en\/wp-json\/wp\/v2\/pages\/5681","targetHints":{"allow":["GET"]}}],"collection":[{"href":"https:\/\/www.sahaney.com\/en\/wp-json\/wp\/v2\/pages"}],"about":[{"href":"https:\/\/www.sahaney.com\/en\/wp-json\/wp\/v2\/types\/page"}],"author":[{"embeddable":true,"href":"https:\/\/www.sahaney.com\/en\/wp-json\/wp\/v2\/users\/1"}],"replies":[{"embeddable":true,"href":"https:\/\/www.sahaney.com\/en\/wp-json\/wp\/v2\/comments?post=5681"}],"version-history":[{"count":43,"href":"https:\/\/www.sahaney.com\/en\/wp-json\/wp\/v2\/pages\/5681\/revisions"}],"predecessor-version":[{"id":5890,"href":"https:\/\/www.sahaney.com\/en\/wp-json\/wp\/v2\/pages\/5681\/revisions\/5890"}],"wp:attachment":[{"href":"https:\/\/www.sahaney.com\/en\/wp-json\/wp\/v2\/media?parent=5681"}],"curies":[{"name":"wp","href":"https:\/\/api.w.org\/{rel}","templated":true}]}}