{"id":5664,"date":"2025-06-01T17:50:31","date_gmt":"2025-06-01T14:50:31","guid":{"rendered":"https:\/\/test.sahaney.com\/?page_id=5664"},"modified":"2025-08-01T10:39:53","modified_gmt":"2025-08-01T07:39:53","slug":"neyin-tarihcesi","status":"publish","type":"page","link":"https:\/\/www.sahaney.com\/en\/neyin-tarihcesi\/","title":{"rendered":"Ney&#8217;in Tarih\u00e7esi"},"content":{"rendered":"<div data-elementor-type=\"wp-post\" data-elementor-id=\"5664\" class=\"elementor elementor-5664\">\n\t\t\t\t<div class=\"elementor-element elementor-element-d6187a0 e-flex e-con-boxed e-con e-parent\" data-id=\"d6187a0\" data-element_type=\"container\" data-e-type=\"container\" data-settings=\"{&quot;background_background&quot;:&quot;classic&quot;}\">\n\t\t\t\t\t<div class=\"e-con-inner\">\n\t\t<div class=\"elementor-element elementor-element-53b62fa e-con-full e-flex e-con e-child\" data-id=\"53b62fa\" data-element_type=\"container\" data-e-type=\"container\">\n\t\t\t\t<div class=\"elementor-element elementor-element-94e3402 elementor-widget elementor-widget-heading\" data-id=\"94e3402\" data-element_type=\"widget\" data-e-type=\"widget\" data-widget_type=\"heading.default\">\n\t\t\t\t\t<h1 class=\"elementor-heading-title elementor-size-default\">History of the Ney<\/h1>\t\t\t\t<\/div>\n\t\t\t\t<\/div>\n\t\t\t\t\t<\/div>\n\t\t\t\t<\/div>\n\t\t<div class=\"elementor-element elementor-element-27eacfcb e-flex e-con-boxed e-con e-parent\" data-id=\"27eacfcb\" data-element_type=\"container\" data-e-type=\"container\">\n\t\t\t\t\t<div class=\"e-con-inner\">\n\t\t<div class=\"elementor-element elementor-element-9edcd17 e-con-full e-flex e-con e-child\" data-id=\"9edcd17\" data-element_type=\"container\" data-e-type=\"container\">\n\t\t\t\t<div class=\"elementor-element elementor-element-647066e6 elementor-widget elementor-widget-text-editor\" data-id=\"647066e6\" data-element_type=\"widget\" data-e-type=\"widget\" data-widget_type=\"text-editor.default\">\n\t\t\t\t\t\t\t\t\t<p>he ney is the only wind instrument in Classical Turkish Music and the principal instrument of Turkish Sufi Music.\nIts oldest known name, n\u00e2 or nay, is a word that passed from Sumerian into Persian, meaning reed or cane.\nIn Arab culture, the word mizmar, which refers to wind instruments in general and literally means \u201cbreathing tube\u201d or \u201cvocal organ,\u201d has occasionally been used to refer to the ney.\nIn Turkish, however, this instrument has almost always been called ney.\nIn various European countries, it has been referred to by similar names\u2014for example, naiu in Romania.\nThe Persian suffix -zeden, meaning \u201cto play\u201d or \u201cto perform,\u201d was added to form neyzeden, which over time evolved into neyzen, the term still used today to refer to a ney performer.\nThe Arabic-derived word n\u00e2y\u00ee, formed according to Arabic grammatical rules, has also been used in place of neyzen.<\/p>\t\t\t\t\t\t\t\t<\/div>\n\t\t\t\t<div class=\"elementor-element elementor-element-4f682de7 elementor-widget elementor-widget-image\" data-id=\"4f682de7\" data-element_type=\"widget\" data-e-type=\"widget\" data-widget_type=\"image.default\">\n\t\t\t\t\t\t\t\t\t\t\t\t<figure class=\"wp-caption\">\n\t\t\t\t\t\t\t\t\t\t\t<a href=\"https:\/\/tr.wikipedia.org\/wiki\/Kaplumba\u011fa_Terbiyecisi\">\n\t\t\t\t\t\t\t<img fetchpriority=\"high\" decoding=\"async\" width=\"600\" height=\"824\" src=\"https:\/\/www.sahaney.com\/wp-content\/uploads\/kaplumbaga-terbiyecisi-tablo.webp\" class=\"attachment-full size-full wp-image-5670\" alt=\"\" srcset=\"https:\/\/www.sahaney.com\/wp-content\/uploads\/kaplumbaga-terbiyecisi-tablo.webp 600w, https:\/\/www.sahaney.com\/wp-content\/uploads\/kaplumbaga-terbiyecisi-tablo-218x300.webp 218w\" sizes=\"(max-width: 600px) 100vw, 600px\" \/>\t\t\t\t\t\t\t\t<\/a>\n\t\t\t\t\t\t\t\t\t\t\t<figcaption class=\"widget-image-caption wp-caption-text\">The Turtle Trainer \u2013 Osman Hamdi Bey<\/figcaption>\n\t\t\t\t\t\t\t\t\t\t<\/figure>\n\t\t\t\t\t\t\t\t\t<\/div>\n\t\t\t\t<\/div>\n\t\t\t\t<div class=\"elementor-element elementor-element-27bbb1c2 elementor-widget elementor-widget-text-editor\" data-id=\"27bbb1c2\" data-element_type=\"widget\" data-e-type=\"widget\" data-widget_type=\"text-editor.default\">\n\t\t\t\t\t\t\t\t\t<p>The oldest known finding of this instrument, believed to have been used in Sumerian society as early as 5000 BCE, dates back to 2800\u20133000 BCE.\nThis ancient ney is currently exhibited at the University of Pennsylvania Museum in Philadelphia, USA.\nIt is believed that the ney was used in religious ceremonies even in those early times.\nThe Assomption monk Thibaut described the sound of the ney as \u201cmysterious, enchanting, sweet, and harmonious,\u201d and poetically expressed it as follows:As it passes over the reeds, The gentle flutter of a breeze, Afraid to wake the birds.\u201d The unique quality of its sound has deeply affected people in every era, often evoking spiritual emotions.<\/p>\t\t\t\t\t\t\t\t<\/div>\n\t\t\t\t<div class=\"elementor-element elementor-element-fe90221 elementor-widget elementor-widget-testimonial\" data-id=\"fe90221\" data-element_type=\"widget\" data-e-type=\"widget\" data-widget_type=\"testimonial.default\">\n\t\t\t\t\t\t\t<div class=\"elementor-testimonial-wrapper\">\n\t\t\t\t\t\t\t<div class=\"elementor-testimonial-content\">\u201cThe fluttering of a gentle breeze passing over the reeds, afraid to wake the birds\u2026\u201d<\/div>\n\t\t\t\n\t\t\t\t\t<\/div>\n\t\t\t\t\t\t<\/div>\n\t\t\t\t<div class=\"elementor-element elementor-element-311d468 elementor-widget elementor-widget-text-editor\" data-id=\"311d468\" data-element_type=\"widget\" data-e-type=\"widget\" data-widget_type=\"text-editor.default\">\n\t\t\t\t\t\t\t\t\t<p>The unique quality of its sound has made the ney an important instrument in every society it has encountered.\nWith the Turks\u2019 adoption of Islam, the ney began to be used more widely, and by the 13th century, it had become a symbol of Sufism.\nThe influence of Mevl\u00e2n\u00e2 Jal\u0101l al-D\u012bn R\u016bm\u012b\u2014an eminent mystic, philosopher, poet, and saint of that century\u2014was instrumental in this transformation.<\/p>\t\t\t\t\t\t\t\t<\/div>\n\t\t\t\t<div class=\"elementor-element elementor-element-4faac45 elementor-alert-info elementor-widget elementor-widget-alert\" data-id=\"4faac45\" data-element_type=\"widget\" data-e-type=\"widget\" data-widget_type=\"alert.default\">\n\t\t\t\t\t\t\t<div class=\"elementor-alert\" role=\"alert\">\n\n\t\t\t\t\t\t<span class=\"elementor-alert-title\">Source: Dinle Ney\u2019den<\/span>\n\t\t\t\n\t\t\t\t\t\t<span class=\"elementor-alert-description\">Neyzen Dr. Timu\u00e7in \u00c7EV\u0130KO\u011eLU<\/span>\n\t\t\t\n\t\t\t\t\t\t<button type=\"button\" class=\"elementor-alert-dismiss\" aria-label=\"Bu uyar\u0131y\u0131 kapat\u0131n.\">\n\t\t\t\t\t\t\t\t\t<span aria-hidden=\"true\">&times;<\/span>\n\t\t\t\t\t\t\t<\/button>\n\t\t\t\n\t\t<\/div>\n\t\t\t\t\t\t<\/div>\n\t\t\t\t\t<\/div>\n\t\t\t\t<\/div>\n\t\t<div class=\"elementor-element elementor-element-47ff38f7 e-flex e-con-boxed e-con e-parent\" data-id=\"47ff38f7\" data-element_type=\"container\" data-e-type=\"container\">\n\t\t\t\t\t<div class=\"e-con-inner\">\n\t\t\t\t<div class=\"elementor-element elementor-element-2140f738 elementor-invisible elementor-widget elementor-widget-heading\" data-id=\"2140f738\" data-element_type=\"widget\" data-e-type=\"widget\" data-settings=\"{&quot;_animation&quot;:&quot;fadeInDown&quot;}\" data-widget_type=\"heading.default\">\n\t\t\t\t\t<h3 class=\"elementor-heading-title elementor-size-medium\"><br><br>\"There is no such thing as national art or national science; like all superior and exalted values, they belong to the whole world.\" <br>\nJohann Wolfgang von Goethe<\/h3>\t\t\t\t<\/div>\n\t\t\t\t\t<\/div>\n\t\t\t\t<\/div>\n\t\t\t\t<\/div>","protected":false},"excerpt":{"rendered":"<p>Ney&#8217;in Tarih\u00e7esi Ney, Kl\u00e2sik T\u00fcrk M\u00fczi\u011fi\u2019nin tek nefesli saz\u0131 ve T\u00fcrk Tasavvuf M\u00fczi\u011fi\u2019nin ba\u015f saz\u0131d\u0131r. Bu saz\u0131n en eski ad\u0131 [&hellip;]<\/p>\n","protected":false},"author":1,"featured_media":0,"parent":0,"menu_order":0,"comment_status":"closed","ping_status":"closed","template":"","meta":{"site-sidebar-layout":"no-sidebar","site-content-layout":"page-builder","ast-site-content-layout":"full-width-container","site-content-style":"unboxed","site-sidebar-style":"unboxed","ast-global-header-display":"","ast-banner-title-visibility":"","ast-main-header-display":"","ast-hfb-above-header-display":"","ast-hfb-below-header-display":"","ast-hfb-mobile-header-display":"","site-post-title":"disabled","ast-breadcrumbs-content":"","ast-featured-img":"disabled","footer-sml-layout":"","ast-disable-related-posts":"","theme-transparent-header-meta":"enabled","adv-header-id-meta":"","stick-header-meta":"","header-above-stick-meta":"","header-main-stick-meta":"","header-below-stick-meta":"","astra-migrate-meta-layouts":"set","ast-page-background-enabled":"default","ast-page-background-meta":{"desktop":{"background-color":"","background-image":"","background-repeat":"repeat","background-position":"center center","background-size":"auto","background-attachment":"scroll","background-type":"","background-media":"","overlay-type":"","overlay-color":"","overlay-opacity":"","overlay-gradient":""},"tablet":{"background-color":"","background-image":"","background-repeat":"repeat","background-position":"center center","background-size":"auto","background-attachment":"scroll","background-type":"","background-media":"","overlay-type":"","overlay-color":"","overlay-opacity":"","overlay-gradient":""},"mobile":{"background-color":"","background-image":"","background-repeat":"repeat","background-position":"center center","background-size":"auto","background-attachment":"scroll","background-type":"","background-media":"","overlay-type":"","overlay-color":"","overlay-opacity":"","overlay-gradient":""}},"ast-content-background-meta":{"desktop":{"background-color":"var(--ast-global-color-5)","background-image":"","background-repeat":"repeat","background-position":"center center","background-size":"auto","background-attachment":"scroll","background-type":"","background-media":"","overlay-type":"","overlay-color":"","overlay-opacity":"","overlay-gradient":""},"tablet":{"background-color":"var(--ast-global-color-5)","background-image":"","background-repeat":"repeat","background-position":"center center","background-size":"auto","background-attachment":"scroll","background-type":"","background-media":"","overlay-type":"","overlay-color":"","overlay-opacity":"","overlay-gradient":""},"mobile":{"background-color":"var(--ast-global-color-5)","background-image":"","background-repeat":"repeat","background-position":"center center","background-size":"auto","background-attachment":"scroll","background-type":"","background-media":"","overlay-type":"","overlay-color":"","overlay-opacity":"","overlay-gradient":""}},"footnotes":""},"class_list":["post-5664","page","type-page","status-publish","hentry"],"yoast_head":"<!-- This site is optimized with the Yoast SEO plugin v27.4 - https:\/\/yoast.com\/product\/yoast-seo-wordpress\/ -->\n<title>Neyin Tarih\u00e7esi - S\u00fcmerler&#039;den Mevl\u00e2n\u00e2&#039;ya Mistik Bir Enstr\u00fcman\u0131n Yolculu\u011fu | \u015eahaNey<\/title>\n<meta name=\"description\" content=\"Ney enstr\u00fcman\u0131n\u0131n S\u00fcmerler\u2019den Mevl\u00e2n\u00e2\u2019ya uzanan tarih\u00e7esi, k\u00fclt\u00fcrel ve tasavvufi anlamlar\u0131yla birlikte ele al\u0131n\u0131yor.\" \/>\n<meta name=\"robots\" content=\"index, follow, max-snippet:-1, max-image-preview:large, max-video-preview:-1\" \/>\n<link rel=\"canonical\" href=\"https:\/\/www.sahaney.com\/en\/neyin-tarihcesi\/\" \/>\n<meta property=\"og:locale\" content=\"en_US\" \/>\n<meta property=\"og:type\" content=\"article\" \/>\n<meta property=\"og:title\" content=\"Neyin Tarih\u00e7esi - S\u00fcmerler&#039;den Mevl\u00e2n\u00e2&#039;ya Mistik Bir Enstr\u00fcman\u0131n Yolculu\u011fu | \u015eahaNey\" \/>\n<meta property=\"og:description\" content=\"Ney enstr\u00fcman\u0131n\u0131n S\u00fcmerler\u2019den Mevl\u00e2n\u00e2\u2019ya uzanan tarih\u00e7esi, k\u00fclt\u00fcrel ve tasavvufi anlamlar\u0131yla birlikte ele al\u0131n\u0131yor.\" \/>\n<meta property=\"og:url\" content=\"https:\/\/www.sahaney.com\/en\/neyin-tarihcesi\/\" \/>\n<meta property=\"og:site_name\" content=\"\u015eahaNey Ney \u0130malat ve Sat\u0131\u015f\" \/>\n<meta property=\"article:modified_time\" content=\"2025-08-01T07:39:53+00:00\" \/>\n<meta property=\"og:image\" content=\"https:\/\/www.sahaney.com\/wp-content\/uploads\/kaplumbaga-terbiyecisi-tablo.webp\" \/>\n\t<meta property=\"og:image:width\" content=\"600\" \/>\n\t<meta property=\"og:image:height\" content=\"824\" \/>\n\t<meta property=\"og:image:type\" content=\"image\/webp\" \/>\n<meta name=\"twitter:label1\" content=\"Est. reading time\" \/>\n\t<meta name=\"twitter:data1\" content=\"1 minute\" \/>\n<script type=\"application\/ld+json\" class=\"yoast-schema-graph\">{\"@context\":\"https:\\\/\\\/schema.org\",\"@graph\":[{\"@type\":\"Article\",\"@id\":\"https:\\\/\\\/www.sahaney.com\\\/neyin-tarihcesi\\\/#article\",\"isPartOf\":{\"@id\":\"https:\\\/\\\/www.sahaney.com\\\/neyin-tarihcesi\\\/\"},\"author\":{\"name\":\"\u015eahaNey\",\"@id\":\"https:\\\/\\\/www.sahaney.com\\\/#\\\/schema\\\/person\\\/568cbadb061e141f9a2081a6ab9e3d81\"},\"headline\":\"Ney&#8217;in Tarih\u00e7esi\",\"datePublished\":\"2025-06-01T14:50:31+00:00\",\"dateModified\":\"2025-08-01T07:39:53+00:00\",\"mainEntityOfPage\":{\"@id\":\"https:\\\/\\\/www.sahaney.com\\\/neyin-tarihcesi\\\/\"},\"wordCount\":410,\"publisher\":{\"@id\":\"https:\\\/\\\/www.sahaney.com\\\/#organization\"},\"image\":{\"@id\":\"https:\\\/\\\/www.sahaney.com\\\/neyin-tarihcesi\\\/#primaryimage\"},\"thumbnailUrl\":\"https:\\\/\\\/www.sahaney.com\\\/wp-content\\\/uploads\\\/kaplumbaga-terbiyecisi-tablo.webp\",\"inLanguage\":\"en-US\"},{\"@type\":\"WebPage\",\"@id\":\"https:\\\/\\\/www.sahaney.com\\\/neyin-tarihcesi\\\/\",\"url\":\"https:\\\/\\\/www.sahaney.com\\\/neyin-tarihcesi\\\/\",\"name\":\"Neyin Tarih\u00e7esi - S\u00fcmerler'den Mevl\u00e2n\u00e2'ya Mistik Bir Enstr\u00fcman\u0131n Yolculu\u011fu | \u015eahaNey\",\"isPartOf\":{\"@id\":\"https:\\\/\\\/www.sahaney.com\\\/#website\"},\"primaryImageOfPage\":{\"@id\":\"https:\\\/\\\/www.sahaney.com\\\/neyin-tarihcesi\\\/#primaryimage\"},\"image\":{\"@id\":\"https:\\\/\\\/www.sahaney.com\\\/neyin-tarihcesi\\\/#primaryimage\"},\"thumbnailUrl\":\"https:\\\/\\\/www.sahaney.com\\\/wp-content\\\/uploads\\\/kaplumbaga-terbiyecisi-tablo.webp\",\"datePublished\":\"2025-06-01T14:50:31+00:00\",\"dateModified\":\"2025-08-01T07:39:53+00:00\",\"description\":\"Ney enstr\u00fcman\u0131n\u0131n S\u00fcmerler\u2019den Mevl\u00e2n\u00e2\u2019ya uzanan tarih\u00e7esi, k\u00fclt\u00fcrel ve tasavvufi anlamlar\u0131yla birlikte ele al\u0131n\u0131yor.\",\"breadcrumb\":{\"@id\":\"https:\\\/\\\/www.sahaney.com\\\/neyin-tarihcesi\\\/#breadcrumb\"},\"inLanguage\":\"en-US\",\"potentialAction\":[{\"@type\":\"ReadAction\",\"target\":[\"https:\\\/\\\/www.sahaney.com\\\/neyin-tarihcesi\\\/\"]}]},{\"@type\":\"ImageObject\",\"inLanguage\":\"en-US\",\"@id\":\"https:\\\/\\\/www.sahaney.com\\\/neyin-tarihcesi\\\/#primaryimage\",\"url\":\"https:\\\/\\\/www.sahaney.com\\\/wp-content\\\/uploads\\\/kaplumbaga-terbiyecisi-tablo.webp\",\"contentUrl\":\"https:\\\/\\\/www.sahaney.com\\\/wp-content\\\/uploads\\\/kaplumbaga-terbiyecisi-tablo.webp\"},{\"@type\":\"BreadcrumbList\",\"@id\":\"https:\\\/\\\/www.sahaney.com\\\/neyin-tarihcesi\\\/#breadcrumb\",\"itemListElement\":[{\"@type\":\"ListItem\",\"position\":1,\"name\":\"Anasayfa\",\"item\":\"https:\\\/\\\/www.sahaney.com\\\/\"},{\"@type\":\"ListItem\",\"position\":2,\"name\":\"Ney&#8217;in Tarih\u00e7esi\"}]},{\"@type\":\"WebSite\",\"@id\":\"https:\\\/\\\/www.sahaney.com\\\/#website\",\"url\":\"https:\\\/\\\/www.sahaney.com\\\/\",\"name\":\"\u015eahaNey! Ney \u00dczerine Her\u015fey\",\"description\":\"Ney \u00dczerine T\u00fcrkiye&#039;nin \u0130lk Web Ma\u011fazas\u0131\",\"publisher\":{\"@id\":\"https:\\\/\\\/www.sahaney.com\\\/#organization\"},\"potentialAction\":[{\"@type\":\"SearchAction\",\"target\":{\"@type\":\"EntryPoint\",\"urlTemplate\":\"https:\\\/\\\/www.sahaney.com\\\/?s={search_term_string}\"},\"query-input\":{\"@type\":\"PropertyValueSpecification\",\"valueRequired\":true,\"valueName\":\"search_term_string\"}}],\"inLanguage\":\"en-US\"},{\"@type\":\"Organization\",\"@id\":\"https:\\\/\\\/www.sahaney.com\\\/#organization\",\"name\":\"\u015eahaNey Ney \u0130malat ve Sat\u0131\u015f\",\"url\":\"https:\\\/\\\/www.sahaney.com\\\/\",\"logo\":{\"@type\":\"ImageObject\",\"inLanguage\":\"en-US\",\"@id\":\"https:\\\/\\\/www.sahaney.com\\\/#\\\/schema\\\/logo\\\/image\\\/\",\"url\":\"https:\\\/\\\/www.sahaney.com\\\/wp-content\\\/uploads\\\/sahaney-logo.png\",\"contentUrl\":\"https:\\\/\\\/www.sahaney.com\\\/wp-content\\\/uploads\\\/sahaney-logo.png\",\"width\":591,\"height\":148,\"caption\":\"\u015eahaNey Ney \u0130malat ve Sat\u0131\u015f\"},\"image\":{\"@id\":\"https:\\\/\\\/www.sahaney.com\\\/#\\\/schema\\\/logo\\\/image\\\/\"}},{\"@type\":\"Person\",\"@id\":\"https:\\\/\\\/www.sahaney.com\\\/#\\\/schema\\\/person\\\/568cbadb061e141f9a2081a6ab9e3d81\",\"name\":\"\u015eahaNey\",\"sameAs\":[\"https:\\\/\\\/www.sahaney.com\"]}]}<\/script>\n<!-- \/ Yoast SEO plugin. -->","yoast_head_json":{"title":"Neyin Tarih\u00e7esi - S\u00fcmerler'den Mevl\u00e2n\u00e2'ya Mistik Bir Enstr\u00fcman\u0131n Yolculu\u011fu | \u015eahaNey","description":"Ney enstr\u00fcman\u0131n\u0131n S\u00fcmerler\u2019den Mevl\u00e2n\u00e2\u2019ya uzanan tarih\u00e7esi, k\u00fclt\u00fcrel ve tasavvufi anlamlar\u0131yla birlikte ele al\u0131n\u0131yor.","robots":{"index":"index","follow":"follow","max-snippet":"max-snippet:-1","max-image-preview":"max-image-preview:large","max-video-preview":"max-video-preview:-1"},"canonical":"https:\/\/www.sahaney.com\/en\/neyin-tarihcesi\/","og_locale":"en_US","og_type":"article","og_title":"Neyin Tarih\u00e7esi - S\u00fcmerler'den Mevl\u00e2n\u00e2'ya Mistik Bir Enstr\u00fcman\u0131n Yolculu\u011fu | \u015eahaNey","og_description":"Ney enstr\u00fcman\u0131n\u0131n S\u00fcmerler\u2019den Mevl\u00e2n\u00e2\u2019ya uzanan tarih\u00e7esi, k\u00fclt\u00fcrel ve tasavvufi anlamlar\u0131yla birlikte ele al\u0131n\u0131yor.","og_url":"https:\/\/www.sahaney.com\/en\/neyin-tarihcesi\/","og_site_name":"\u015eahaNey Ney \u0130malat ve Sat\u0131\u015f","article_modified_time":"2025-08-01T07:39:53+00:00","og_image":[{"width":600,"height":824,"url":"https:\/\/www.sahaney.com\/wp-content\/uploads\/kaplumbaga-terbiyecisi-tablo.webp","type":"image\/webp"}],"twitter_misc":{"Est. reading time":"1 minute"},"schema":{"@context":"https:\/\/schema.org","@graph":[{"@type":"Article","@id":"https:\/\/www.sahaney.com\/neyin-tarihcesi\/#article","isPartOf":{"@id":"https:\/\/www.sahaney.com\/neyin-tarihcesi\/"},"author":{"name":"\u015eahaNey","@id":"https:\/\/www.sahaney.com\/#\/schema\/person\/568cbadb061e141f9a2081a6ab9e3d81"},"headline":"Ney&#8217;in Tarih\u00e7esi","datePublished":"2025-06-01T14:50:31+00:00","dateModified":"2025-08-01T07:39:53+00:00","mainEntityOfPage":{"@id":"https:\/\/www.sahaney.com\/neyin-tarihcesi\/"},"wordCount":410,"publisher":{"@id":"https:\/\/www.sahaney.com\/#organization"},"image":{"@id":"https:\/\/www.sahaney.com\/neyin-tarihcesi\/#primaryimage"},"thumbnailUrl":"https:\/\/www.sahaney.com\/wp-content\/uploads\/kaplumbaga-terbiyecisi-tablo.webp","inLanguage":"en-US"},{"@type":"WebPage","@id":"https:\/\/www.sahaney.com\/neyin-tarihcesi\/","url":"https:\/\/www.sahaney.com\/neyin-tarihcesi\/","name":"Neyin Tarih\u00e7esi - S\u00fcmerler'den Mevl\u00e2n\u00e2'ya Mistik Bir Enstr\u00fcman\u0131n Yolculu\u011fu | \u015eahaNey","isPartOf":{"@id":"https:\/\/www.sahaney.com\/#website"},"primaryImageOfPage":{"@id":"https:\/\/www.sahaney.com\/neyin-tarihcesi\/#primaryimage"},"image":{"@id":"https:\/\/www.sahaney.com\/neyin-tarihcesi\/#primaryimage"},"thumbnailUrl":"https:\/\/www.sahaney.com\/wp-content\/uploads\/kaplumbaga-terbiyecisi-tablo.webp","datePublished":"2025-06-01T14:50:31+00:00","dateModified":"2025-08-01T07:39:53+00:00","description":"Ney enstr\u00fcman\u0131n\u0131n S\u00fcmerler\u2019den Mevl\u00e2n\u00e2\u2019ya uzanan tarih\u00e7esi, k\u00fclt\u00fcrel ve tasavvufi anlamlar\u0131yla birlikte ele al\u0131n\u0131yor.","breadcrumb":{"@id":"https:\/\/www.sahaney.com\/neyin-tarihcesi\/#breadcrumb"},"inLanguage":"en-US","potentialAction":[{"@type":"ReadAction","target":["https:\/\/www.sahaney.com\/neyin-tarihcesi\/"]}]},{"@type":"ImageObject","inLanguage":"en-US","@id":"https:\/\/www.sahaney.com\/neyin-tarihcesi\/#primaryimage","url":"https:\/\/www.sahaney.com\/wp-content\/uploads\/kaplumbaga-terbiyecisi-tablo.webp","contentUrl":"https:\/\/www.sahaney.com\/wp-content\/uploads\/kaplumbaga-terbiyecisi-tablo.webp"},{"@type":"BreadcrumbList","@id":"https:\/\/www.sahaney.com\/neyin-tarihcesi\/#breadcrumb","itemListElement":[{"@type":"ListItem","position":1,"name":"Anasayfa","item":"https:\/\/www.sahaney.com\/"},{"@type":"ListItem","position":2,"name":"Ney&#8217;in Tarih\u00e7esi"}]},{"@type":"WebSite","@id":"https:\/\/www.sahaney.com\/#website","url":"https:\/\/www.sahaney.com\/","name":"\u015eahaNey! Ney \u00dczerine Her\u015fey","description":"Ney \u00dczerine T\u00fcrkiye&#039;nin \u0130lk Web Ma\u011fazas\u0131","publisher":{"@id":"https:\/\/www.sahaney.com\/#organization"},"potentialAction":[{"@type":"SearchAction","target":{"@type":"EntryPoint","urlTemplate":"https:\/\/www.sahaney.com\/?s={search_term_string}"},"query-input":{"@type":"PropertyValueSpecification","valueRequired":true,"valueName":"search_term_string"}}],"inLanguage":"en-US"},{"@type":"Organization","@id":"https:\/\/www.sahaney.com\/#organization","name":"\u015eahaNey Ney \u0130malat ve Sat\u0131\u015f","url":"https:\/\/www.sahaney.com\/","logo":{"@type":"ImageObject","inLanguage":"en-US","@id":"https:\/\/www.sahaney.com\/#\/schema\/logo\/image\/","url":"https:\/\/www.sahaney.com\/wp-content\/uploads\/sahaney-logo.png","contentUrl":"https:\/\/www.sahaney.com\/wp-content\/uploads\/sahaney-logo.png","width":591,"height":148,"caption":"\u015eahaNey Ney \u0130malat ve Sat\u0131\u015f"},"image":{"@id":"https:\/\/www.sahaney.com\/#\/schema\/logo\/image\/"}},{"@type":"Person","@id":"https:\/\/www.sahaney.com\/#\/schema\/person\/568cbadb061e141f9a2081a6ab9e3d81","name":"\u015eahaNey","sameAs":["https:\/\/www.sahaney.com"]}]}},"_links":{"self":[{"href":"https:\/\/www.sahaney.com\/en\/wp-json\/wp\/v2\/pages\/5664","targetHints":{"allow":["GET"]}}],"collection":[{"href":"https:\/\/www.sahaney.com\/en\/wp-json\/wp\/v2\/pages"}],"about":[{"href":"https:\/\/www.sahaney.com\/en\/wp-json\/wp\/v2\/types\/page"}],"author":[{"embeddable":true,"href":"https:\/\/www.sahaney.com\/en\/wp-json\/wp\/v2\/users\/1"}],"replies":[{"embeddable":true,"href":"https:\/\/www.sahaney.com\/en\/wp-json\/wp\/v2\/comments?post=5664"}],"version-history":[{"count":22,"href":"https:\/\/www.sahaney.com\/en\/wp-json\/wp\/v2\/pages\/5664\/revisions"}],"predecessor-version":[{"id":30328,"href":"https:\/\/www.sahaney.com\/en\/wp-json\/wp\/v2\/pages\/5664\/revisions\/30328"}],"wp:attachment":[{"href":"https:\/\/www.sahaney.com\/en\/wp-json\/wp\/v2\/media?parent=5664"}],"curies":[{"name":"wp","href":"https:\/\/api.w.org\/{rel}","templated":true}]}}