{"id":3,"date":"2025-05-03T16:45:13","date_gmt":"2025-05-03T16:45:13","guid":{"rendered":"https:\/\/store.sahaney.com\/?page_id=3"},"modified":"2025-07-18T16:44:15","modified_gmt":"2025-07-18T13:44:15","slug":"gizlilik-politikasi","status":"publish","type":"page","link":"https:\/\/www.sahaney.com\/en\/gizlilik-politikasi\/","title":{"rendered":"Privacy Policy"},"content":{"rendered":"<div data-elementor-type=\"wp-page\" data-elementor-id=\"3\" class=\"elementor elementor-3\">\n\t\t\t\t<div class=\"elementor-element elementor-element-f0b858b e-flex e-con-boxed e-con e-parent\" data-id=\"f0b858b\" data-element_type=\"container\" data-e-type=\"container\">\n\t\t\t\t\t<div class=\"e-con-inner\">\n\t\t\t\t<div class=\"elementor-element elementor-element-66b9f8e3 elementor-widget elementor-widget-text-editor\" data-id=\"66b9f8e3\" data-element_type=\"widget\" data-e-type=\"widget\" data-widget_type=\"text-editor.default\">\n\t\t\t\t\t\t\t\t\t<section>\n  <h1>Privacy Policy<\/h1>\n\n  <p>\n    Bu Gizlilik Politikas\u0131, <strong>\u015eAHANEY Ney \u0130mal ve Sat\u0131\u015f<\/strong> olarak hizmet verdi\u011fimiz\n    <a href=\"https:\/\/www.sahaney.com\/en\/\">www.sahaney.com<\/a> and the\n    <a href=\"https:\/\/store.sahaney.com\">store.sahaney.com<\/a> alan adlar\u0131 \u00fczerinden ziyaret\u00e7ilerimizin ve m\u00fc\u015fterilerimizin ki\u015fisel verilerinin toplanmas\u0131, i\u015flenmesi, saklanmas\u0131 ve korunmas\u0131 ile ilgili esaslar\u0131 a\u00e7\u0131klamaktad\u0131r.\n  <\/p>\n\n  <h2>Kapsam<\/h2>\n  <p>\n    Bu politika, <strong>sahaney.com<\/strong> \u00fczerindeki i\u00e7erik, blog, bilgi alma formlar\u0131 ve ileti\u015fim sayfalar\u0131 ile\n    <strong>store.sahaney.com<\/strong> \u00fczerindeki \u00fcr\u00fcn sat\u0131n alma, sipari\u015f, form ve kullan\u0131c\u0131 hesab\u0131 i\u015flemleri dahil olmak \u00fczere t\u00fcm dijital temas noktalar\u0131n\u0131 kapsar.\n  <\/p>\n\n  <h2>Ki\u015fisel Verilerin Tan\u0131m\u0131<\/h2>\n  <p>\n    \u201cKi\u015fisel veri\u201d; ad, soyad, e-posta adresi, telefon numaras\u0131, T.C. kimlik numaras\u0131, do\u011fum tarihi, adres gibi bir ger\u00e7ek ki\u015fiyi do\u011frudan veya dolayl\u0131 olarak tan\u0131mlamaya yarayan her t\u00fcrl\u00fc bilgiyi ifade eder.\n  <\/p>\n\n  <h2>Veri Toplama Ama\u00e7lar\u0131m\u0131z<\/h2>\n  <ul>\n    <li>\u00dcr\u00fcn sipari\u015flerinizi i\u015flemek ve teslimat\u0131n\u0131 sa\u011flamak,<\/li>\n    <li>Kargo ve lojistik firmalar\u0131yla bilgi payla\u015f\u0131m\u0131 yapmak,<\/li>\n    <li>\u0130leti\u015fim formlar\u0131 ve \u00fcyelikler arac\u0131l\u0131\u011f\u0131yla gelen talepleri de\u011ferlendirmek,<\/li>\n    <li>Kullan\u0131c\u0131ya \u00f6zel hizmet ve bilgilendirme sa\u011flamak,<\/li>\n    <li>\u0130statistiksel analiz ve kullan\u0131c\u0131 deneyimini iyile\u015ftirme ama\u00e7l\u0131 analizler yapmak.<\/li>\n  <\/ul>\n\n  <h2>Veri Payla\u015f\u0131m\u0131<\/h2>\n  <p>\n    Toplanan ki\u015fisel veriler, <strong>kullan\u0131c\u0131n\u0131n a\u00e7\u0131k r\u0131zas\u0131 olmaks\u0131z\u0131n \u00fc\u00e7\u00fcnc\u00fc ki\u015filerle payla\u015f\u0131lmaz<\/strong>.\n    Ancak, <strong>yasal y\u00fck\u00fcml\u00fcl\u00fckler<\/strong> gere\u011fi adli veya idari makamlar\u0131n talebi \u00fczerine payla\u015f\u0131m yap\u0131labilir.\n  <\/p>\n\n  <h2>Veri G\u00fcvenli\u011fi<\/h2>\n  <p>\n    www.sahaney.com ve store.sahaney.com olarak, ki\u015fisel verilerin g\u00fcvenli\u011fi i\u00e7in teknik ve idari tedbirleri almaktay\u0131z. Ancak, siber sald\u0131r\u0131 veya sistem ihlali gibi durumlarda do\u011fabilecek zararlardan sorumluluk kabul edilmez.\n  <\/p>\n\n  <h2>Kullan\u0131c\u0131 Haklar\u0131 (KVKK 11. madde)<\/h2>\n  <p>\n    Kullan\u0131c\u0131lar a\u015fa\u011f\u0131daki haklara sahiptir:\n  <\/p>\n  <ul>\n    <li>Ki\u015fisel verilerinin i\u015flenip i\u015flenmedi\u011fini \u00f6\u011frenme,<\/li>\n    <li>\u0130\u015flenmi\u015fse buna ili\u015fkin bilgi talep etme,<\/li>\n    <li>\u0130\u015flenme amac\u0131n\u0131 \u00f6\u011frenme ve amaca uygun kullan\u0131l\u0131p kullan\u0131lmad\u0131\u011f\u0131n\u0131 sorgulama,<\/li>\n    <li>Yurt i\u00e7i ve yurt d\u0131\u015f\u0131 \u00fc\u00e7\u00fcnc\u00fc ki\u015filere aktar\u0131lm\u0131\u015fsa bunlar\u0131 \u00f6\u011frenme,<\/li>\n    <li>Eksik veya yanl\u0131\u015f i\u015flenmi\u015fse d\u00fczeltilmesini talep etme,<\/li>\n    <li>KVKK kapsam\u0131nda silinmesini veya yok edilmesini talep etme,<\/li>\n    <li>Yukar\u0131daki i\u015flemlerin \u00fc\u00e7\u00fcnc\u00fc ki\u015filere bildirilmesini isteme.<\/li>\n  <\/ul>\n\n  <h2>\u00c7erezler ve Takip Teknolojileri<\/h2>\n  <p>\n    Web sitelerimiz kullan\u0131c\u0131 deneyimini geli\u015ftirmek ve ziyaret\u00e7i trafi\u011fini analiz etmek i\u00e7in \u00e7erez (cookie) kullanabilir.\n    Kullan\u0131c\u0131lar, taray\u0131c\u0131 ayarlar\u0131ndan \u00e7erez kullan\u0131m\u0131n\u0131 engelleyebilir veya silebilir.\n  <\/p>\n\n\t\t\t\t\t\t\t\t<\/div>\n\t\t\t\t<div class=\"elementor-element elementor-element-520bce3 elementor-widget elementor-widget-text-editor\" data-id=\"520bce3\" data-element_type=\"widget\" data-e-type=\"widget\" data-widget_type=\"text-editor.default\">\n\t\t\t\t\t\t\t\t\t<h2>Bilgi G\u00fcncelleme<\/h2>\n  <p>\n    Kullan\u0131c\u0131lar, kendi hesaplar\u0131 \u00fczerinden ki\u015fisel verilerini g\u00fcncelleyebilir. Talep halinde, gerekli do\u011frulama sonras\u0131 bu i\u015flemi bizim ad\u0131m\u0131za da ger\u00e7ekle\u015ftirebiliriz.\n  <\/p>\n\n  <h2>Politika G\u00fcncellemeleri<\/h2>\n  <p>\n    Gizlilik Politikas\u0131 zaman zaman g\u00fcncellenebilir. G\u00fcncel politika her zaman <a href=\"https:\/\/www.sahaney.com\/en\/\">www.sahaney.com<\/a> and the <a href=\"https:\/\/store.sahaney.com\">store.sahaney.com<\/a> \u00fczerinden eri\u015filebilir olacakt\u0131r.\n  <\/p>\n\n  <h2>Kabul<\/h2>\n  <p>\n    Web sitelerimizi kullanan her ziyaret\u00e7i, bu gizlilik politikas\u0131 h\u00fck\u00fcmlerini okumu\u015f ve kabul etmi\u015f say\u0131l\u0131r.\n  <\/p>\n<\/section>\n\n\n\n\n\n\n\n\t\t\t\t\t\t\t\t<\/div>\n\t\t\t\t\t<\/div>\n\t\t\t\t<\/div>\n\t\t\t\t<\/div>","protected":false},"excerpt":{"rendered":"<p>Gizlilik Politikas\u0131 Bu Gizlilik Politikas\u0131, \u015eAHANEY Ney \u0130mal ve Sat\u0131\u015f olarak hizmet verdi\u011fimiz www.sahaney.com ve store.sahaney.com alan adlar\u0131 \u00fczerinden ziyaret\u00e7ilerimizin [&hellip;]<\/p>\n","protected":false},"author":1,"featured_media":0,"parent":0,"menu_order":0,"comment_status":"closed","ping_status":"closed","template":"","meta":{"site-sidebar-layout":"default","site-content-layout":"","ast-site-content-layout":"default","site-content-style":"default","site-sidebar-style":"default","ast-global-header-display":"","ast-banner-title-visibility":"","ast-main-header-display":"","ast-hfb-above-header-display":"","ast-hfb-below-header-display":"","ast-hfb-mobile-header-display":"","site-post-title":"","ast-breadcrumbs-content":"","ast-featured-img":"","footer-sml-layout":"","ast-disable-related-posts":"","theme-transparent-header-meta":"","adv-header-id-meta":"","stick-header-meta":"","header-above-stick-meta":"","header-main-stick-meta":"","header-below-stick-meta":"","astra-migrate-meta-layouts":"set","ast-page-background-enabled":"default","ast-page-background-meta":{"desktop":{"background-color":"","background-image":"","background-repeat":"repeat","background-position":"center center","background-size":"auto","background-attachment":"scroll","background-type":"","background-media":"","overlay-type":"","overlay-color":"","overlay-opacity":"","overlay-gradient":""},"tablet":{"background-color":"","background-image":"","background-repeat":"repeat","background-position":"center center","background-size":"auto","background-attachment":"scroll","background-type":"","background-media":"","overlay-type":"","overlay-color":"","overlay-opacity":"","overlay-gradient":""},"mobile":{"background-color":"","background-image":"","background-repeat":"repeat","background-position":"center center","background-size":"auto","background-attachment":"scroll","background-type":"","background-media":"","overlay-type":"","overlay-color":"","overlay-opacity":"","overlay-gradient":""}},"ast-content-background-meta":{"desktop":{"background-color":"var(--ast-global-color-5)","background-image":"","background-repeat":"repeat","background-position":"center center","background-size":"auto","background-attachment":"scroll","background-type":"","background-media":"","overlay-type":"","overlay-color":"","overlay-opacity":"","overlay-gradient":""},"tablet":{"background-color":"var(--ast-global-color-5)","background-image":"","background-repeat":"repeat","background-position":"center center","background-size":"auto","background-attachment":"scroll","background-type":"","background-media":"","overlay-type":"","overlay-color":"","overlay-opacity":"","overlay-gradient":""},"mobile":{"background-color":"var(--ast-global-color-5)","background-image":"","background-repeat":"repeat","background-position":"center center","background-size":"auto","background-attachment":"scroll","background-type":"","background-media":"","overlay-type":"","overlay-color":"","overlay-opacity":"","overlay-gradient":""}},"footnotes":""},"class_list":["post-3","page","type-page","status-publish","hentry"],"yoast_head":"<!-- This site is optimized with the Yoast SEO plugin v27.4 - https:\/\/yoast.com\/product\/yoast-seo-wordpress\/ -->\n<title>Gizlilik Politikas\u0131 | \u015eahaNey Ki\u015fisel Verilerin G\u00fcvenli\u011fi ve Kullan\u0131m \u015eartlar\u0131<\/title>\n<meta name=\"description\" content=\"\u015eahaNey olarak ki\u015fisel verilerinizi gizlilik ilkeleri do\u011frultusunda koruyor ve sadece gerekli durumlarda kullan\u0131yoruz. Detayl\u0131 gizlilik politikam\u0131z\u0131 bu sayfada inceleyebilirsiniz.\" \/>\n<meta name=\"robots\" content=\"index, follow, max-snippet:-1, max-image-preview:large, max-video-preview:-1\" \/>\n<link rel=\"canonical\" href=\"https:\/\/www.sahaney.com\/en\/gizlilik-politikasi\/\" \/>\n<meta property=\"og:locale\" content=\"en_US\" \/>\n<meta property=\"og:type\" content=\"article\" \/>\n<meta property=\"og:title\" content=\"Gizlilik Politikas\u0131 | \u015eahaNey Ki\u015fisel Verilerin G\u00fcvenli\u011fi ve Kullan\u0131m \u015eartlar\u0131\" \/>\n<meta property=\"og:description\" content=\"\u015eahaNey olarak ki\u015fisel verilerinizi gizlilik ilkeleri do\u011frultusunda koruyor ve sadece gerekli durumlarda kullan\u0131yoruz. Detayl\u0131 gizlilik politikam\u0131z\u0131 bu sayfada inceleyebilirsiniz.\" \/>\n<meta property=\"og:url\" content=\"https:\/\/www.sahaney.com\/en\/gizlilik-politikasi\/\" \/>\n<meta property=\"og:site_name\" content=\"\u015eahaNey Ney \u0130malat ve Sat\u0131\u015f\" \/>\n<meta property=\"article:modified_time\" content=\"2025-07-18T13:44:15+00:00\" \/>\n<meta name=\"twitter:label1\" content=\"Est. reading time\" \/>\n\t<meta name=\"twitter:data1\" content=\"2 minutes\" \/>\n<script type=\"application\/ld+json\" class=\"yoast-schema-graph\">{\"@context\":\"https:\\\/\\\/schema.org\",\"@graph\":[{\"@type\":[\"Article\",\"Report\"],\"@id\":\"https:\\\/\\\/www.sahaney.com\\\/gizlilik-politikasi\\\/#article\",\"isPartOf\":{\"@id\":\"https:\\\/\\\/www.sahaney.com\\\/gizlilik-politikasi\\\/\"},\"author\":{\"name\":\"\u015eahaNey\",\"@id\":\"https:\\\/\\\/www.sahaney.com\\\/#\\\/schema\\\/person\\\/568cbadb061e141f9a2081a6ab9e3d81\"},\"headline\":\"Gizlilik Politikas\u0131\",\"datePublished\":\"2025-05-03T16:45:13+00:00\",\"dateModified\":\"2025-07-18T13:44:15+00:00\",\"mainEntityOfPage\":{\"@id\":\"https:\\\/\\\/www.sahaney.com\\\/gizlilik-politikasi\\\/\"},\"wordCount\":475,\"publisher\":{\"@id\":\"https:\\\/\\\/www.sahaney.com\\\/#organization\"},\"inLanguage\":\"en-US\"},{\"@type\":\"WebPage\",\"@id\":\"https:\\\/\\\/www.sahaney.com\\\/gizlilik-politikasi\\\/\",\"url\":\"https:\\\/\\\/www.sahaney.com\\\/gizlilik-politikasi\\\/\",\"name\":\"Gizlilik Politikas\u0131 | \u015eahaNey Ki\u015fisel Verilerin G\u00fcvenli\u011fi ve Kullan\u0131m \u015eartlar\u0131\",\"isPartOf\":{\"@id\":\"https:\\\/\\\/www.sahaney.com\\\/#website\"},\"datePublished\":\"2025-05-03T16:45:13+00:00\",\"dateModified\":\"2025-07-18T13:44:15+00:00\",\"description\":\"\u015eahaNey olarak ki\u015fisel verilerinizi gizlilik ilkeleri do\u011frultusunda koruyor ve sadece gerekli durumlarda kullan\u0131yoruz. Detayl\u0131 gizlilik politikam\u0131z\u0131 bu sayfada inceleyebilirsiniz.\",\"breadcrumb\":{\"@id\":\"https:\\\/\\\/www.sahaney.com\\\/gizlilik-politikasi\\\/#breadcrumb\"},\"inLanguage\":\"en-US\",\"potentialAction\":[{\"@type\":\"ReadAction\",\"target\":[\"https:\\\/\\\/www.sahaney.com\\\/gizlilik-politikasi\\\/\"]}]},{\"@type\":\"BreadcrumbList\",\"@id\":\"https:\\\/\\\/www.sahaney.com\\\/gizlilik-politikasi\\\/#breadcrumb\",\"itemListElement\":[{\"@type\":\"ListItem\",\"position\":1,\"name\":\"Anasayfa\",\"item\":\"https:\\\/\\\/www.sahaney.com\\\/\"},{\"@type\":\"ListItem\",\"position\":2,\"name\":\"Gizlilik Politikas\u0131\"}]},{\"@type\":\"WebSite\",\"@id\":\"https:\\\/\\\/www.sahaney.com\\\/#website\",\"url\":\"https:\\\/\\\/www.sahaney.com\\\/\",\"name\":\"\u015eahaNey! Ney \u00dczerine Her\u015fey\",\"description\":\"Ney \u00dczerine T\u00fcrkiye&#039;nin \u0130lk Web Ma\u011fazas\u0131\",\"publisher\":{\"@id\":\"https:\\\/\\\/www.sahaney.com\\\/#organization\"},\"potentialAction\":[{\"@type\":\"SearchAction\",\"target\":{\"@type\":\"EntryPoint\",\"urlTemplate\":\"https:\\\/\\\/www.sahaney.com\\\/?s={search_term_string}\"},\"query-input\":{\"@type\":\"PropertyValueSpecification\",\"valueRequired\":true,\"valueName\":\"search_term_string\"}}],\"inLanguage\":\"en-US\"},{\"@type\":\"Organization\",\"@id\":\"https:\\\/\\\/www.sahaney.com\\\/#organization\",\"name\":\"\u015eahaNey Ney \u0130malat ve Sat\u0131\u015f\",\"url\":\"https:\\\/\\\/www.sahaney.com\\\/\",\"logo\":{\"@type\":\"ImageObject\",\"inLanguage\":\"en-US\",\"@id\":\"https:\\\/\\\/www.sahaney.com\\\/#\\\/schema\\\/logo\\\/image\\\/\",\"url\":\"https:\\\/\\\/www.sahaney.com\\\/wp-content\\\/uploads\\\/sahaney-logo.png\",\"contentUrl\":\"https:\\\/\\\/www.sahaney.com\\\/wp-content\\\/uploads\\\/sahaney-logo.png\",\"width\":591,\"height\":148,\"caption\":\"\u015eahaNey Ney \u0130malat ve Sat\u0131\u015f\"},\"image\":{\"@id\":\"https:\\\/\\\/www.sahaney.com\\\/#\\\/schema\\\/logo\\\/image\\\/\"}},{\"@type\":\"Person\",\"@id\":\"https:\\\/\\\/www.sahaney.com\\\/#\\\/schema\\\/person\\\/568cbadb061e141f9a2081a6ab9e3d81\",\"name\":\"\u015eahaNey\",\"sameAs\":[\"https:\\\/\\\/www.sahaney.com\"]}]}<\/script>\n<!-- \/ Yoast SEO plugin. -->","yoast_head_json":{"title":"Gizlilik Politikas\u0131 | \u015eahaNey Ki\u015fisel Verilerin G\u00fcvenli\u011fi ve Kullan\u0131m \u015eartlar\u0131","description":"\u015eahaNey olarak ki\u015fisel verilerinizi gizlilik ilkeleri do\u011frultusunda koruyor ve sadece gerekli durumlarda kullan\u0131yoruz. Detayl\u0131 gizlilik politikam\u0131z\u0131 bu sayfada inceleyebilirsiniz.","robots":{"index":"index","follow":"follow","max-snippet":"max-snippet:-1","max-image-preview":"max-image-preview:large","max-video-preview":"max-video-preview:-1"},"canonical":"https:\/\/www.sahaney.com\/en\/gizlilik-politikasi\/","og_locale":"en_US","og_type":"article","og_title":"Gizlilik Politikas\u0131 | \u015eahaNey Ki\u015fisel Verilerin G\u00fcvenli\u011fi ve Kullan\u0131m \u015eartlar\u0131","og_description":"\u015eahaNey olarak ki\u015fisel verilerinizi gizlilik ilkeleri do\u011frultusunda koruyor ve sadece gerekli durumlarda kullan\u0131yoruz. Detayl\u0131 gizlilik politikam\u0131z\u0131 bu sayfada inceleyebilirsiniz.","og_url":"https:\/\/www.sahaney.com\/en\/gizlilik-politikasi\/","og_site_name":"\u015eahaNey Ney \u0130malat ve Sat\u0131\u015f","article_modified_time":"2025-07-18T13:44:15+00:00","twitter_misc":{"Est. reading time":"2 minutes"},"schema":{"@context":"https:\/\/schema.org","@graph":[{"@type":["Article","Report"],"@id":"https:\/\/www.sahaney.com\/gizlilik-politikasi\/#article","isPartOf":{"@id":"https:\/\/www.sahaney.com\/gizlilik-politikasi\/"},"author":{"name":"\u015eahaNey","@id":"https:\/\/www.sahaney.com\/#\/schema\/person\/568cbadb061e141f9a2081a6ab9e3d81"},"headline":"Gizlilik Politikas\u0131","datePublished":"2025-05-03T16:45:13+00:00","dateModified":"2025-07-18T13:44:15+00:00","mainEntityOfPage":{"@id":"https:\/\/www.sahaney.com\/gizlilik-politikasi\/"},"wordCount":475,"publisher":{"@id":"https:\/\/www.sahaney.com\/#organization"},"inLanguage":"en-US"},{"@type":"WebPage","@id":"https:\/\/www.sahaney.com\/gizlilik-politikasi\/","url":"https:\/\/www.sahaney.com\/gizlilik-politikasi\/","name":"Gizlilik Politikas\u0131 | \u015eahaNey Ki\u015fisel Verilerin G\u00fcvenli\u011fi ve Kullan\u0131m \u015eartlar\u0131","isPartOf":{"@id":"https:\/\/www.sahaney.com\/#website"},"datePublished":"2025-05-03T16:45:13+00:00","dateModified":"2025-07-18T13:44:15+00:00","description":"\u015eahaNey olarak ki\u015fisel verilerinizi gizlilik ilkeleri do\u011frultusunda koruyor ve sadece gerekli durumlarda kullan\u0131yoruz. Detayl\u0131 gizlilik politikam\u0131z\u0131 bu sayfada inceleyebilirsiniz.","breadcrumb":{"@id":"https:\/\/www.sahaney.com\/gizlilik-politikasi\/#breadcrumb"},"inLanguage":"en-US","potentialAction":[{"@type":"ReadAction","target":["https:\/\/www.sahaney.com\/gizlilik-politikasi\/"]}]},{"@type":"BreadcrumbList","@id":"https:\/\/www.sahaney.com\/gizlilik-politikasi\/#breadcrumb","itemListElement":[{"@type":"ListItem","position":1,"name":"Anasayfa","item":"https:\/\/www.sahaney.com\/"},{"@type":"ListItem","position":2,"name":"Gizlilik Politikas\u0131"}]},{"@type":"WebSite","@id":"https:\/\/www.sahaney.com\/#website","url":"https:\/\/www.sahaney.com\/","name":"\u015eahaNey! Ney \u00dczerine Her\u015fey","description":"Ney \u00dczerine T\u00fcrkiye&#039;nin \u0130lk Web Ma\u011fazas\u0131","publisher":{"@id":"https:\/\/www.sahaney.com\/#organization"},"potentialAction":[{"@type":"SearchAction","target":{"@type":"EntryPoint","urlTemplate":"https:\/\/www.sahaney.com\/?s={search_term_string}"},"query-input":{"@type":"PropertyValueSpecification","valueRequired":true,"valueName":"search_term_string"}}],"inLanguage":"en-US"},{"@type":"Organization","@id":"https:\/\/www.sahaney.com\/#organization","name":"\u015eahaNey Ney \u0130malat ve Sat\u0131\u015f","url":"https:\/\/www.sahaney.com\/","logo":{"@type":"ImageObject","inLanguage":"en-US","@id":"https:\/\/www.sahaney.com\/#\/schema\/logo\/image\/","url":"https:\/\/www.sahaney.com\/wp-content\/uploads\/sahaney-logo.png","contentUrl":"https:\/\/www.sahaney.com\/wp-content\/uploads\/sahaney-logo.png","width":591,"height":148,"caption":"\u015eahaNey Ney \u0130malat ve Sat\u0131\u015f"},"image":{"@id":"https:\/\/www.sahaney.com\/#\/schema\/logo\/image\/"}},{"@type":"Person","@id":"https:\/\/www.sahaney.com\/#\/schema\/person\/568cbadb061e141f9a2081a6ab9e3d81","name":"\u015eahaNey","sameAs":["https:\/\/www.sahaney.com"]}]}},"_links":{"self":[{"href":"https:\/\/www.sahaney.com\/en\/wp-json\/wp\/v2\/pages\/3","targetHints":{"allow":["GET"]}}],"collection":[{"href":"https:\/\/www.sahaney.com\/en\/wp-json\/wp\/v2\/pages"}],"about":[{"href":"https:\/\/www.sahaney.com\/en\/wp-json\/wp\/v2\/types\/page"}],"author":[{"embeddable":true,"href":"https:\/\/www.sahaney.com\/en\/wp-json\/wp\/v2\/users\/1"}],"replies":[{"embeddable":true,"href":"https:\/\/www.sahaney.com\/en\/wp-json\/wp\/v2\/comments?post=3"}],"version-history":[{"count":20,"href":"https:\/\/www.sahaney.com\/en\/wp-json\/wp\/v2\/pages\/3\/revisions"}],"predecessor-version":[{"id":30057,"href":"https:\/\/www.sahaney.com\/en\/wp-json\/wp\/v2\/pages\/3\/revisions\/30057"}],"wp:attachment":[{"href":"https:\/\/www.sahaney.com\/en\/wp-json\/wp\/v2\/media?parent=3"}],"curies":[{"name":"wp","href":"https:\/\/api.w.org\/{rel}","templated":true}]}}